{"id":82,"date":"2019-12-27T16:01:11","date_gmt":"2019-12-27T15:01:11","guid":{"rendered":"http:\/\/resox.fr\/?page_id=82"},"modified":"2020-04-10T15:46:45","modified_gmt":"2020-04-10T13:46:45","slug":"reseau-entreprise","status":"publish","type":"page","link":"https:\/\/resox.fr\/index.php\/reseau-entreprise\/","title":{"rendered":"R\u00e9seau d&rsquo;entreprise"},"content":{"rendered":"\n<p class=\"has-text-align-justify\">Le r\u00e9seau d&rsquo;entreprise est le syst\u00e8me nerveux de votre syst\u00e8me d&rsquo;informations, il est le lien entre vos collaborateurs, clients et partenaires. Il est indispensable de disposer d&rsquo;une architecture r\u00e9seau stable, robuste et s\u00e9curis\u00e9e. C&rsquo;est un \u00e9l\u00e9ment \u00e0 ne surtout pas n\u00e9gliger dans le cadre de la digitalisation de vos activit\u00e9s.<\/p>\n\n\n\n<div class=\"wp-block-group alignwide\"><div class=\"wp-block-group__inner-container is-layout-flow wp-block-group-is-layout-flow\">\n<p class=\"has-medium-font-size\"><strong>Conseil, Audit, Int\u00e9gration, D\u00e9ploiement<\/strong>  <\/p>\n\n\n\n<div class=\"wp-block-media-text alignwide has-media-on-the-right is-image-fill\" style=\"grid-template-columns:auto 29%\"><figure class=\"wp-block-media-text__media\" style=\"background-image:url(http:\/\/resox.fr\/wp-content\/uploads\/2019\/10\/pc-1-1024x683.jpg);background-position:49.5% 51.49253731343284%\"><img loading=\"lazy\" decoding=\"async\" width=\"1024\" height=\"683\" src=\"http:\/\/resox.fr\/wp-content\/uploads\/2019\/10\/pc-1-1024x683.jpg\" alt=\"\" class=\"wp-image-45\" srcset=\"https:\/\/resox.fr\/wp-content\/uploads\/2019\/10\/pc-1-1024x683.jpg 1024w, https:\/\/resox.fr\/wp-content\/uploads\/2019\/10\/pc-1-350x234.jpg 350w, https:\/\/resox.fr\/wp-content\/uploads\/2019\/10\/pc-1-300x200.jpg 300w, https:\/\/resox.fr\/wp-content\/uploads\/2019\/10\/pc-1-768x513.jpg 768w\" sizes=\"auto, (max-width: 767px) 89vw, (max-width: 1000px) 54vw, (max-width: 1071px) 543px, 580px\" \/><\/figure><div class=\"wp-block-media-text__content\">\n<p>Apr\u00e8s avoir \u00e9tabli vos besoins et audit\u00e9 vos infrastructures existantes (du c\u00e2ble au mat\u00e9riel actif) nous vous conseillerons sur les am\u00e9liorations \u00e0 apporter pour b\u00e2tir le r\u00e9seau qui r\u00e9pondra \u00e0 vos enjeux actuels et futurs. Nous  vous accompagnerons dans l&rsquo;int\u00e9gration et le d\u00e9ploiement de votre nouveau r\u00e9seau d&rsquo;entreprise.   <\/p>\n<\/div><\/div>\n<\/div><\/div>\n\n\n\n<p class=\"has-medium-font-size\"><strong>R\u00e9seau de communication<\/strong><\/p>\n\n\n\n<div class=\"wp-block-media-text alignwide is-image-fill\" style=\"grid-template-columns:36% auto\"><figure class=\"wp-block-media-text__media\" style=\"background-image:url(http:\/\/resox.fr\/wp-content\/uploads\/2019\/12\/cyberspace-2784907_640.jpg);background-position:50% 50%\"><img loading=\"lazy\" decoding=\"async\" width=\"640\" height=\"426\" src=\"http:\/\/resox.fr\/wp-content\/uploads\/2019\/12\/cyberspace-2784907_640.jpg\" alt=\"\" class=\"wp-image-148\" srcset=\"https:\/\/resox.fr\/wp-content\/uploads\/2019\/12\/cyberspace-2784907_640.jpg 640w, https:\/\/resox.fr\/wp-content\/uploads\/2019\/12\/cyberspace-2784907_640-350x233.jpg 350w, https:\/\/resox.fr\/wp-content\/uploads\/2019\/12\/cyberspace-2784907_640-300x200.jpg 300w\" sizes=\"auto, (max-width: 640px) 100vw, 640px\" \/><\/figure><div class=\"wp-block-media-text__content\">\n<div class=\"wp-block-group\"><div class=\"wp-block-group__inner-container is-layout-flow wp-block-group-is-layout-flow\">\n<p class=\"has-text-align-left has-text-justify\">V\u00e9ritable art\u00e8re de votre syst\u00e8me d&rsquo;informations, nous intervenons de la conception \u00e0 la r\u00e9alisation et la mise en service de votre r\u00e9seau, du c\u00e2blage intra et inter-b\u00e2timents en passant par le mat\u00e9riels actifs jusqu&rsquo;au WAN et l&rsquo;interconnexion de vos agences. <\/p>\n<\/div><\/div>\n<\/div><\/div>\n\n\n\n<div class=\"wp-block-media-text alignwide has-media-on-the-right is-image-fill\" style=\"grid-template-columns:auto 40%\"><figure class=\"wp-block-media-text__media\" style=\"background-image:url(http:\/\/resox.fr\/wp-content\/uploads\/2019\/12\/cyber-security-3400657_640.jpg);background-position:51% 50.83333333333333%\"><img loading=\"lazy\" decoding=\"async\" width=\"640\" height=\"384\" src=\"http:\/\/resox.fr\/wp-content\/uploads\/2019\/12\/cyber-security-3400657_640.jpg\" alt=\"\" class=\"wp-image-152\" srcset=\"https:\/\/resox.fr\/wp-content\/uploads\/2019\/12\/cyber-security-3400657_640.jpg 640w, https:\/\/resox.fr\/wp-content\/uploads\/2019\/12\/cyber-security-3400657_640-350x210.jpg 350w, https:\/\/resox.fr\/wp-content\/uploads\/2019\/12\/cyber-security-3400657_640-300x180.jpg 300w\" sizes=\"auto, (max-width: 640px) 100vw, 640px\" \/><\/figure><div class=\"wp-block-media-text__content\">\n<h4 class=\"wp-block-heading\"> <strong><em>S\u00e9curit\u00e9<\/em><\/strong> <\/h4>\n\n\n\n<p class=\"has-normal-font-size\"> Pr\u00e9occupation majeure et permanente, nous vous proposerons les solutions de s\u00e9curit\u00e9 adapt\u00e9es \u00e0 vos besoins : <em>antivirus, firewall, authentification &#8230;<\/em> <\/p>\n<\/div><\/div>\n\n\n\n<div class=\"wp-block-media-text alignwide is-image-fill\" style=\"grid-template-columns:33% auto\"><figure class=\"wp-block-media-text__media\" style=\"background-image:url(http:\/\/resox.fr\/wp-content\/uploads\/2019\/12\/Meilleurs-Points-dAcc\u00e8s-WiFi.jpg);background-position:73% 52.17391304347826%\"><img loading=\"lazy\" decoding=\"async\" width=\"880\" height=\"408\" src=\"http:\/\/resox.fr\/wp-content\/uploads\/2019\/12\/Meilleurs-Points-dAcc\u00e8s-WiFi.jpg\" alt=\"\" class=\"wp-image-157\" srcset=\"https:\/\/resox.fr\/wp-content\/uploads\/2019\/12\/Meilleurs-Points-dAcc\u00e8s-WiFi.jpg 880w, https:\/\/resox.fr\/wp-content\/uploads\/2019\/12\/Meilleurs-Points-dAcc\u00e8s-WiFi-350x162.jpg 350w, https:\/\/resox.fr\/wp-content\/uploads\/2019\/12\/Meilleurs-Points-dAcc\u00e8s-WiFi-300x139.jpg 300w, https:\/\/resox.fr\/wp-content\/uploads\/2019\/12\/Meilleurs-Points-dAcc\u00e8s-WiFi-768x356.jpg 768w\" sizes=\"auto, (max-width: 767px) 89vw, (max-width: 1000px) 54vw, (max-width: 1071px) 543px, 580px\" \/><\/figure><div class=\"wp-block-media-text__content\">\n<h4 class=\"wp-block-heading\"> <em><strong>Sans-fil<\/strong><\/em> <\/h4>\n\n\n\n<p> Etape indispensable avant le d\u00e9ploiement de votre r\u00e9seau sans-fil, nous r\u00e9alisons des audits de couverture pour tous vos projets : couverture de bureaux, entrep\u00f4t, usine, &#8230; et ainsi d\u00e9terminer le nombre et la position des points d&rsquo;acc\u00e8s n\u00e9cessaires pour couvrir la zone par rapport \u00e0 vos besoins et exigences en terme de d\u00e9bits, du nombres de terminaux \u00e0 prendre en charge, d&rsquo;itin\u00e9rance, &#8230; <\/p>\n<\/div><\/div>\n\n\n\n<p>Nous r\u00e9alisons des \u00e9tudes sur plan en mode <em>planner <\/em>notamment avant la construction ou l&rsquo;am\u00e9nagement des locaux et des \u00e9tudes sur site en mode <em>survey <\/em>(passive et\/ou active). A l&rsquo;issue de l&rsquo;\u00e9tude nous vous fournirons un compte-rendu avec :<\/p>\n\n\n\n<div class=\"wp-block-media-text alignwide has-media-on-the-right is-image-fill\"><figure class=\"wp-block-media-text__media\" style=\"background-image:url(http:\/\/resox.fr\/wp-content\/uploads\/2019\/12\/tamograph-site-survey-radar.png);background-position:50% 50%\"><img loading=\"lazy\" decoding=\"async\" width=\"800\" height=\"600\" src=\"http:\/\/resox.fr\/wp-content\/uploads\/2019\/12\/tamograph-site-survey-radar.png\" alt=\"\" class=\"wp-image-159\" srcset=\"https:\/\/resox.fr\/wp-content\/uploads\/2019\/12\/tamograph-site-survey-radar.png 800w, https:\/\/resox.fr\/wp-content\/uploads\/2019\/12\/tamograph-site-survey-radar-350x263.png 350w, https:\/\/resox.fr\/wp-content\/uploads\/2019\/12\/tamograph-site-survey-radar-300x225.png 300w, https:\/\/resox.fr\/wp-content\/uploads\/2019\/12\/tamograph-site-survey-radar-768x576.png 768w\" sizes=\"auto, (max-width: 767px) 89vw, (max-width: 1000px) 54vw, (max-width: 1071px) 543px, 580px\" \/><\/figure><div class=\"wp-block-media-text__content\">\n<ul class=\"wp-block-list\"><li>Implantation des points d&rsquo;acc\u00e8s<\/li><li>Niveau de signal<\/li><li>Rapport signal\/bruit<\/li><li> Zone de couverture des points d&rsquo;acc\u00e8s (2.4Ghz et 5Ghz)<\/li><li> Bande passante du canal<\/li><li> Carte des canaux 2.4Ghz et 5Ghz<\/li><\/ul>\n<\/div><\/div>\n\n\n\n<p> Nous vous accompagnons \u00e9galement sur la faisabilit\u00e9 de liaisons radio inter-b\u00e2timents. <\/p>\n\n\n\n<div class=\"wp-block-media-text alignwide is-image-fill\" style=\"grid-template-columns:49% auto\"><figure class=\"wp-block-media-text__media\" style=\"background-image:url(http:\/\/resox.fr\/wp-content\/uploads\/2019\/12\/shaking-hands-2499629_640.jpg);background-position:50% 50%\"><img loading=\"lazy\" decoding=\"async\" width=\"640\" height=\"336\" src=\"http:\/\/resox.fr\/wp-content\/uploads\/2019\/12\/shaking-hands-2499629_640.jpg\" alt=\"\" class=\"wp-image-177\" srcset=\"https:\/\/resox.fr\/wp-content\/uploads\/2019\/12\/shaking-hands-2499629_640.jpg 640w, https:\/\/resox.fr\/wp-content\/uploads\/2019\/12\/shaking-hands-2499629_640-350x184.jpg 350w, https:\/\/resox.fr\/wp-content\/uploads\/2019\/12\/shaking-hands-2499629_640-300x158.jpg 300w\" sizes=\"auto, (max-width: 640px) 100vw, 640px\" \/><\/figure><div class=\"wp-block-media-text__content\">\n<p class=\"has-normal-font-size\">Disposants de relations privil\u00e9gi\u00e9s avec des entreprises de services du num\u00e9rique d\u2019envergure nationale et internationale, nous pouvons intervenir sur des projets de grandes ampleur et fortes complexit\u00e9s.  <\/p>\n<\/div><\/div>\n\n\n\n<p><\/p>\n","protected":false},"excerpt":{"rendered":"<p>Le r\u00e9seau d&rsquo;entreprise est le syst\u00e8me nerveux de votre syst\u00e8me d&rsquo;informations, il est le lien entre vos collaborateurs, clients et partenaires. Il est indispensable de disposer d&rsquo;une architecture r\u00e9seau stable, robuste et s\u00e9curis\u00e9e. C&rsquo;est un \u00e9l\u00e9ment \u00e0 ne surtout pas n\u00e9gliger dans le cadre de la digitalisation de vos activit\u00e9s. Conseil, Audit, Int\u00e9gration, D\u00e9ploiement Apr\u00e8s &hellip; <\/p>\n<p class=\"link-more\"><a href=\"https:\/\/resox.fr\/index.php\/reseau-entreprise\/\" class=\"more-link\">Continuer la lecture<span class=\"screen-reader-text\"> de &laquo;&nbsp;R\u00e9seau d&rsquo;entreprise&nbsp;&raquo;<\/span><\/a><\/p>\n","protected":false},"author":1,"featured_media":0,"parent":0,"menu_order":0,"comment_status":"closed","ping_status":"closed","template":"","meta":{"footnotes":""},"class_list":["post-82","page","type-page","status-publish","hentry"],"_links":{"self":[{"href":"https:\/\/resox.fr\/index.php\/wp-json\/wp\/v2\/pages\/82","targetHints":{"allow":["GET"]}}],"collection":[{"href":"https:\/\/resox.fr\/index.php\/wp-json\/wp\/v2\/pages"}],"about":[{"href":"https:\/\/resox.fr\/index.php\/wp-json\/wp\/v2\/types\/page"}],"author":[{"embeddable":true,"href":"https:\/\/resox.fr\/index.php\/wp-json\/wp\/v2\/users\/1"}],"replies":[{"embeddable":true,"href":"https:\/\/resox.fr\/index.php\/wp-json\/wp\/v2\/comments?post=82"}],"version-history":[{"count":52,"href":"https:\/\/resox.fr\/index.php\/wp-json\/wp\/v2\/pages\/82\/revisions"}],"predecessor-version":[{"id":193,"href":"https:\/\/resox.fr\/index.php\/wp-json\/wp\/v2\/pages\/82\/revisions\/193"}],"wp:attachment":[{"href":"https:\/\/resox.fr\/index.php\/wp-json\/wp\/v2\/media?parent=82"}],"curies":[{"name":"wp","href":"https:\/\/api.w.org\/{rel}","templated":true}]}}