{"id":117,"date":"2019-12-30T12:25:25","date_gmt":"2019-12-30T11:25:25","guid":{"rendered":"http:\/\/resox.fr\/?page_id=117"},"modified":"2020-10-03T10:12:59","modified_gmt":"2020-10-03T08:12:59","slug":"video-protection-controle-acces","status":"publish","type":"page","link":"https:\/\/resox.fr\/index.php\/video-protection-controle-acces\/","title":{"rendered":"Vid\u00e9o-Protection et d\u00e9tection d&rsquo;intrusion"},"content":{"rendered":"\n<div class=\"wp-block-media-text alignwide has-media-on-the-right is-stacked-on-mobile is-image-fill\"><figure class=\"wp-block-media-text__media\" style=\"background-image:url(http:\/\/resox.fr\/wp-content\/uploads\/2019\/12\/cctv-2846083_640.jpg);background-position:50% 50%\"><img loading=\"lazy\" decoding=\"async\" width=\"640\" height=\"426\" src=\"http:\/\/resox.fr\/wp-content\/uploads\/2019\/12\/cctv-2846083_640.jpg\" alt=\"\" class=\"wp-image-122\" srcset=\"https:\/\/resox.fr\/wp-content\/uploads\/2019\/12\/cctv-2846083_640.jpg 640w, https:\/\/resox.fr\/wp-content\/uploads\/2019\/12\/cctv-2846083_640-350x233.jpg 350w, https:\/\/resox.fr\/wp-content\/uploads\/2019\/12\/cctv-2846083_640-300x200.jpg 300w\" sizes=\"auto, (max-width: 640px) 100vw, 640px\" \/><\/figure><div class=\"wp-block-media-text__content\">\n<p class=\"has-normal-font-size\"><strong>Conseil, int\u00e9gration et d\u00e9ploiement de solutions de vid\u00e9o-protection<\/strong> <strong>et de contr\u00f4le d&rsquo;acc\u00e8s<\/strong> adapt\u00e9es \u00e0 vos besoins.<\/p>\n\n\n\n<p>Pour les entreprises, collectivit\u00e9s et particuliers.<\/p>\n<\/div><\/div>\n\n\n\n<div class=\"wp-block-media-text alignwide is-stacked-on-mobile is-image-fill\"><figure class=\"wp-block-media-text__media\" style=\"background-image:url(http:\/\/resox.fr\/wp-content\/uploads\/2019\/12\/burglar-4194213_640.jpg);background-position:50% 50%\"><img loading=\"lazy\" decoding=\"async\" width=\"640\" height=\"426\" src=\"http:\/\/resox.fr\/wp-content\/uploads\/2019\/12\/burglar-4194213_640.jpg\" alt=\"\" class=\"wp-image-121\" srcset=\"https:\/\/resox.fr\/wp-content\/uploads\/2019\/12\/burglar-4194213_640.jpg 640w, https:\/\/resox.fr\/wp-content\/uploads\/2019\/12\/burglar-4194213_640-350x233.jpg 350w, https:\/\/resox.fr\/wp-content\/uploads\/2019\/12\/burglar-4194213_640-300x200.jpg 300w\" sizes=\"auto, (max-width: 640px) 100vw, 640px\" \/><\/figure><div class=\"wp-block-media-text__content\">\n<p class=\"has-medium-font-size\">Garder un \u0153il sur vos locaux.<\/p>\n<\/div><\/div>\n\n\n\n<div class=\"wp-block-media-text alignwide has-media-on-the-right is-stacked-on-mobile is-image-fill\"><figure class=\"wp-block-media-text__media\" style=\"background-image:url(http:\/\/resox.fr\/wp-content\/uploads\/2020\/10\/ajax-hubkit-ks_9_.jpg);background-position:50% 50%\"><img loading=\"lazy\" decoding=\"async\" width=\"700\" height=\"700\" src=\"http:\/\/resox.fr\/wp-content\/uploads\/2020\/10\/ajax-hubkit-ks_9_.jpg\" alt=\"\" class=\"wp-image-245\" srcset=\"https:\/\/resox.fr\/wp-content\/uploads\/2020\/10\/ajax-hubkit-ks_9_.jpg 700w, https:\/\/resox.fr\/wp-content\/uploads\/2020\/10\/ajax-hubkit-ks_9_-250x250.jpg 250w, https:\/\/resox.fr\/wp-content\/uploads\/2020\/10\/ajax-hubkit-ks_9_-100x100.jpg 100w, https:\/\/resox.fr\/wp-content\/uploads\/2020\/10\/ajax-hubkit-ks_9_-350x350.jpg 350w, https:\/\/resox.fr\/wp-content\/uploads\/2020\/10\/ajax-hubkit-ks_9_-300x300.jpg 300w, https:\/\/resox.fr\/wp-content\/uploads\/2020\/10\/ajax-hubkit-ks_9_-150x150.jpg 150w\" sizes=\"auto, (max-width: 700px) 100vw, 700px\" \/><\/figure><div class=\"wp-block-media-text__content\">\n<p class=\"has-medium-font-size\">D\u00e9tection d&rsquo;intrusion pour logement d&rsquo;habitation, commerces, entrep\u00f4ts &#8230;<\/p>\n\n\n\n<p><\/p>\n<\/div><\/div>\n\n\n\n<div class=\"wp-block-media-text alignwide is-stacked-on-mobile is-image-fill\"><figure class=\"wp-block-media-text__media\" style=\"background-image:url(http:\/\/resox.fr\/wp-content\/uploads\/2020\/04\/Capture-1-1024x619.jpg);background-position:50% 50%\"><img loading=\"lazy\" decoding=\"async\" width=\"1024\" height=\"619\" src=\"http:\/\/resox.fr\/wp-content\/uploads\/2020\/04\/Capture-1-1024x619.jpg\" alt=\"\" class=\"wp-image-185\" srcset=\"https:\/\/resox.fr\/wp-content\/uploads\/2020\/04\/Capture-1-1024x619.jpg 1024w, https:\/\/resox.fr\/wp-content\/uploads\/2020\/04\/Capture-1-350x212.jpg 350w, https:\/\/resox.fr\/wp-content\/uploads\/2020\/04\/Capture-1-300x181.jpg 300w, https:\/\/resox.fr\/wp-content\/uploads\/2020\/04\/Capture-1-768x464.jpg 768w, https:\/\/resox.fr\/wp-content\/uploads\/2020\/04\/Capture-1.jpg 1227w\" sizes=\"auto, (max-width: 767px) 89vw, (max-width: 1000px) 54vw, (max-width: 1071px) 543px, 580px\" \/><\/figure><div class=\"wp-block-media-text__content\">\n<p class=\"has-medium-font-size\">Contr\u00f4le de la temp\u00e9rature corporelle en entr\u00e9e de locaux.<\/p>\n\n\n\n<p><a href=\"http:\/\/resox.fr\/index.php\/lutte-contre-la-propagation-du-covid-19\/\">Lutte contre la propagation du COVID-19.<\/a><\/p>\n<\/div><\/div>\n\n\n\n<div class=\"wp-block-media-text alignwide has-media-on-the-right is-stacked-on-mobile is-image-fill\"><figure class=\"wp-block-media-text__media\" style=\"background-image:url(http:\/\/resox.fr\/wp-content\/uploads\/2020\/04\/Capture3.jpg);background-position:50% 50%\"><img loading=\"lazy\" decoding=\"async\" width=\"528\" height=\"392\" src=\"http:\/\/resox.fr\/wp-content\/uploads\/2020\/04\/Capture3.jpg\" alt=\"\" class=\"wp-image-187\" srcset=\"https:\/\/resox.fr\/wp-content\/uploads\/2020\/04\/Capture3.jpg 528w, https:\/\/resox.fr\/wp-content\/uploads\/2020\/04\/Capture3-350x260.jpg 350w, https:\/\/resox.fr\/wp-content\/uploads\/2020\/04\/Capture3-300x223.jpg 300w\" sizes=\"auto, (max-width: 528px) 100vw, 528px\" \/><\/figure><div class=\"wp-block-media-text__content\">\n<p class=\"has-medium-font-size\">Intelligence \u00e9conomique pour le retail<\/p>\n\n\n\n<p class=\"has-medium-font-size\">Stastistique de fr\u00e9quentation, qualification de la client\u00e8le, parcours clients, affichage dynamique &#8230;<\/p>\n<\/div><\/div>\n\n\n\n<p><\/p>\n","protected":false},"excerpt":{"rendered":"<p>Conseil, int\u00e9gration et d\u00e9ploiement de solutions de vid\u00e9o-protection et de contr\u00f4le d&rsquo;acc\u00e8s adapt\u00e9es \u00e0 vos besoins. Pour les entreprises, collectivit\u00e9s et particuliers. Garder un \u0153il sur vos locaux. D\u00e9tection d&rsquo;intrusion pour logement d&rsquo;habitation, commerces, entrep\u00f4ts &#8230; Contr\u00f4le de la temp\u00e9rature corporelle en entr\u00e9e de locaux. Lutte contre la propagation du COVID-19. Intelligence \u00e9conomique pour le &hellip; <\/p>\n<p class=\"link-more\"><a href=\"https:\/\/resox.fr\/index.php\/video-protection-controle-acces\/\" class=\"more-link\">Continuer la lecture<span class=\"screen-reader-text\"> de &laquo;&nbsp;Vid\u00e9o-Protection et d\u00e9tection d&rsquo;intrusion&nbsp;&raquo;<\/span><\/a><\/p>\n","protected":false},"author":1,"featured_media":0,"parent":0,"menu_order":0,"comment_status":"closed","ping_status":"closed","template":"","meta":{"footnotes":""},"class_list":["post-117","page","type-page","status-publish","hentry"],"_links":{"self":[{"href":"https:\/\/resox.fr\/index.php\/wp-json\/wp\/v2\/pages\/117","targetHints":{"allow":["GET"]}}],"collection":[{"href":"https:\/\/resox.fr\/index.php\/wp-json\/wp\/v2\/pages"}],"about":[{"href":"https:\/\/resox.fr\/index.php\/wp-json\/wp\/v2\/types\/page"}],"author":[{"embeddable":true,"href":"https:\/\/resox.fr\/index.php\/wp-json\/wp\/v2\/users\/1"}],"replies":[{"embeddable":true,"href":"https:\/\/resox.fr\/index.php\/wp-json\/wp\/v2\/comments?post=117"}],"version-history":[{"count":14,"href":"https:\/\/resox.fr\/index.php\/wp-json\/wp\/v2\/pages\/117\/revisions"}],"predecessor-version":[{"id":246,"href":"https:\/\/resox.fr\/index.php\/wp-json\/wp\/v2\/pages\/117\/revisions\/246"}],"wp:attachment":[{"href":"https:\/\/resox.fr\/index.php\/wp-json\/wp\/v2\/media?parent=117"}],"curies":[{"name":"wp","href":"https:\/\/api.w.org\/{rel}","templated":true}]}}